{"id":660,"date":"2017-08-14T00:00:44","date_gmt":"2017-08-14T00:00:44","guid":{"rendered":"http:\/\/bantics.xyz\/bgmil\/?page_id=660"},"modified":"2026-03-15T18:14:57","modified_gmt":"2026-03-16T00:14:57","slug":"producciones-de-el-milagro","status":"publish","type":"page","link":"https:\/\/elmilagro.org.mx\/st\/producciones-de-el-milagro\/","title":{"rendered":"Producciones de El Milagro"},"content":{"rendered":"[vc_row][vc_column][vc_column_text css=&#8221;.vc_custom_1773620002310{margin-bottom: 0px !important;}&#8221;]\n<p class=\"p1\"><span class=\"s1\"><img loading=\"lazy\" class=\"wp-image-828 alignright\" src=\"https:\/\/bantics.xyz\/bgmil\/wp-content\/uploads\/2017\/08\/img-20161004-wa0014-1-1024x914.jpg\" alt=\"\" width=\"800\" height=\"714\" srcset=\"https:\/\/elmilagro.org.mx\/st\/wp-content\/uploads\/2017\/08\/img-20161004-wa0014-1-1024x914.jpg 1024w, https:\/\/elmilagro.org.mx\/st\/wp-content\/uploads\/2017\/08\/img-20161004-wa0014-1-300x268.jpg 300w, https:\/\/elmilagro.org.mx\/st\/wp-content\/uploads\/2017\/08\/img-20161004-wa0014-1-768x686.jpg 768w, https:\/\/elmilagro.org.mx\/st\/wp-content\/uploads\/2017\/08\/img-20161004-wa0014-1.jpg 1280w\" sizes=\"(max-width: 800px) 100vw, 800px\" \/><\/span><\/p>\n<ul>\n<li class=\"p1\"><span class=\"s1\">La toma de la luna<\/span><\/li>\n<li class=\"p1\"><span class=\"s1\">Entrepiernas<\/span><\/li>\n<li class=\"p1\">Un placer inconveniente<\/li>\n<li class=\"p1\"><span class=\"s1\">Sexo drogas y Rockandroll<\/span><\/li>\n<li class=\"p1\">Los perdedores<\/li>\n<li class=\"p1\"><a href=\"https:\/\/elmilagro.org.mx\/st\/eva-peron\/\" target=\"_blank\" rel=\"noopener noreferrer\">Eva Per\u00f3n<\/a><\/li>\n<li class=\"p1\">El homosexual o la dificultad de expresarse<\/li>\n<li class=\"p1\">Las cuatro gemelas<\/li>\n<li class=\"p1\"><a href=\"https:\/\/elmilagro.org.mx\/st\/belice\" target=\"_blank\" rel=\"noopener noreferrer\">Belice<\/a><\/li>\n<li class=\"p1\"><a href=\"https:\/\/elmilagro.org.mx\/st\/clipperton\/\" target=\"_blank\" rel=\"noopener noreferrer\">Clipperton<\/a><\/li>\n<li class=\"p1\"><span class=\"s1\">Est\u00e1s ah\u00ed<\/span><\/li>\n<li class=\"p1\"><a href=\"https:\/\/elmilagro.org.mx\/st\/ccasanova\/\" target=\"_blank\" rel=\"noopener noreferrer\"><span class=\"s1\">Casanova<\/span><\/a><\/li>\n<li class=\"p1\"><a href=\"https:\/\/elmilagro.org.mx\/st\/siberia\" target=\"_blank\" rel=\"noopener noreferrer\"><span class=\"s1\">Siberia<\/span><\/a><\/li>\n<li class=\"p1\"><a href=\"https:\/\/elmilagro.org.mx\/st\/persona\" target=\"_blank\" rel=\"noopener noreferrer\"><span class=\"s1\">Persona<\/span><\/a><\/li>\n<li class=\"p1\"><a href=\"https:\/\/elmilagro.org.mx\/st\/tatuaje\" target=\"_blank\" rel=\"noopener noreferrer\"><span class=\"s1\">Tatuaje<\/span><\/a><\/li>\n<li class=\"p1\"><span class=\"s1\">Centenarios<\/span><\/li>\n<li class=\"p1\"><a href=\"https:\/\/elmilagro.org.mx\/st\/la-iliada\/\"><span class=\"s1\">La Iliada<\/span><\/a><\/li>\n<li class=\"p1\"><a href=\"https:\/\/elmilagro.org.mx\/st\/rosete-se-pronuncia\/\" target=\"_blank\" rel=\"noopener noreferrer\"><span class=\"s1\">Rosete se pronuncia<\/span><\/a><\/li>\n<li class=\"p1\"><a href=\"\/\/elmilagro.org.mx\/st\/la-lengua-de-los-muertos\/\" target=\"_blank\" rel=\"noopener noreferrer\"><span class=\"s1\">La lengua de los muertos<\/span><\/a><\/li>\n<li class=\"p1\"><a href=\"https:\/\/elmilagro.org.mx\/st\/trabajando-un-dia-particular\/\" target=\"_blank\" rel=\"noopener noreferrer\"><span class=\"s1\">Trabajando un d\u00eda particular<\/span><\/a><\/li>\n<li class=\"p1\"><a href=\"https:\/\/elmilagro.org.mx\/st\/los-insensatos-2\/\" target=\"_blank\" rel=\"noopener noreferrer\"><span class=\"s1\">Los insensatos<\/span><\/a><\/li>\n<li class=\"p1\"><a href=\"https:\/\/elmilagro.org.mx\/st\/la-piedra-de-la-paciencia\/\" target=\"_blank\" rel=\"noopener noreferrer\"><span class=\"s1\">La piedra de la paciencia<\/span><\/a><\/li>\n<li class=\"p1\"><a href=\"https:\/\/elmilagro.org.mx\/st\/2014-homenaje-a-mauricio-davison\/\">2014 Homenaje a Mauricio Davison<\/a><\/li>\n<li class=\"p1\"><a href=\"https:\/\/elmilagro.org.mx\/st\/combate-de-negro-y-de-perros\/\">Combate de negro y de perros<\/a><\/li>\n<li class=\"p1\"><a href=\"https:\/\/elmilagro.org.mx\/st\/los-asesinos\/\" target=\"_blank\" rel=\"noopener noreferrer\"><span class=\"s1\">Los asesinos<\/span><\/a><\/li>\n<li class=\"p1\"><a href=\"https:\/\/elmilagro.org.mx\/st\/tio-vania\/\" target=\"_blank\" rel=\"noopener noreferrer\"><span class=\"s1\">T\u00edo Vania<\/span><\/a><\/li>\n<li class=\"p1\"><a href=\"https:\/\/elmilagro.org.mx\/st\/macbeth\/\" target=\"_blank\" rel=\"noopener noreferrer\"><span class=\"s1\">Macbeth<\/span><\/a><\/li>\n<li class=\"p1\"><a href=\"https:\/\/elmilagro.org.mx\/st\/el\/\" target=\"_blank\" rel=\"noopener noreferrer\"><span class=\"s1\">\u00c9l<\/span><\/a><\/li>\n<li class=\"p1\"><a href=\"https:\/\/elmilagro.org.mx\/st\/mejor-no-contestes-a-partir-del-mundo-de-raymond-carver\/\">Mejor no contestes<\/a><\/li>\n<li class=\"p1\"><a href=\"https:\/\/elmilagro.org.mx\/st\/2016-homenaje-a-marta-verduzco\/\">2016 Homenaje a Marta Verduzco<\/a><\/li>\n<li class=\"p1\"><a href=\"https:\/\/elmilagro.org.mx\/st\/la-belleza-archivo\/\" target=\"_blank\" rel=\"noopener noreferrer\"><span class=\"s1\">La belleza<\/span><\/a><\/li>\n<li class=\"p1\"><a href=\"https:\/\/elmilagro.org.mx\/st\/algunas-historias\/\" target=\"_blank\" rel=\"noopener noreferrer\"><span class=\"s1\">Algunas historias<\/span><\/a><\/li>\n<li class=\"p1\"><a href=\"https:\/\/bantics.xyz\/bgmil\/2017-homenaje-a-arturo-rios\/\">2017 Homenaje a Arturo R\u00edos<\/a><\/li>\n<li class=\"p1\"><a href=\"https:\/\/elmilagro.org.mx\/st\/el-mercader-de-venecia\/\" target=\"_blank\" rel=\"noopener noreferrer\"><span class=\"s1\">El mercader de Venecia<\/span><\/a><\/li>\n<li class=\"p1\"><a href=\"https:\/\/elmilagro.org.mx\/st\/el-inspector\/\">El inspector<\/a><\/li>\n<li class=\"p1\"><a href=\"https:\/\/elmilagro.org.mx\/st\/los-estados-en-el-milagro\/\">Ciclo Los estados en el Milagro 2010-2017<\/a><\/li>\n<li class=\"p1\">Ciclo Teatro emergente<\/li>\n<li class=\"p1\">Ciclo Teatro en voz del autor<\/li>\n<li>1521 La ca\u00edda<\/li>\n<li>Los habladores (COVID)<\/li>\n<li>El rey se muere<\/li>\n<li>La dulzura<\/li>\n<li>Amor y Rabia<\/li>\n<li>La nostalgia<\/li>\n<li>El zool\u00f3gico de cristal<\/li>\n<\/ul>\n[\/vc_column_text][\/vc_column][\/vc_row]\n","protected":false},"excerpt":{"rendered":"<p>[vc_row][vc_column][vc_column_text css=&#8221;.vc_custom_1773620002310{margin-bottom: 0px !important;}&#8221;] La toma de la luna Entrepiernas Un placer inconveniente Sexo drogas y Rockandroll Los perdedores Eva Per\u00f3n El homosexual o la dificultad de expresarse Las cuatro gemelas Belice Clipperton Est\u00e1s ah\u00ed Casanova Siberia Persona Tatuaje Centenarios La Iliada Rosete se pronuncia La lengua de los muertos Trabajando un d\u00eda particular Los [&hellip;]<\/p>\n","protected":false},"author":3,"featured_media":0,"parent":0,"menu_order":8,"comment_status":"closed","ping_status":"closed","template":"","meta":[],"_links":{"self":[{"href":"https:\/\/elmilagro.org.mx\/st\/wp-json\/wp\/v2\/pages\/660"}],"collection":[{"href":"https:\/\/elmilagro.org.mx\/st\/wp-json\/wp\/v2\/pages"}],"about":[{"href":"https:\/\/elmilagro.org.mx\/st\/wp-json\/wp\/v2\/types\/page"}],"author":[{"embeddable":true,"href":"https:\/\/elmilagro.org.mx\/st\/wp-json\/wp\/v2\/users\/3"}],"replies":[{"embeddable":true,"href":"https:\/\/elmilagro.org.mx\/st\/wp-json\/wp\/v2\/comments?post=660"}],"version-history":[{"count":5,"href":"https:\/\/elmilagro.org.mx\/st\/wp-json\/wp\/v2\/pages\/660\/revisions"}],"predecessor-version":[{"id":8400,"href":"https:\/\/elmilagro.org.mx\/st\/wp-json\/wp\/v2\/pages\/660\/revisions\/8400"}],"wp:attachment":[{"href":"https:\/\/elmilagro.org.mx\/st\/wp-json\/wp\/v2\/media?parent=660"}],"curies":[{"name":"wp","href":"https:\/\/api.w.org\/{rel}","templated":true}]}}