{"id":479,"date":"2017-06-15T17:38:18","date_gmt":"2017-06-15T17:38:18","guid":{"rendered":"http:\/\/bantics.xyz\/bgmil\/?page_id=479"},"modified":"2017-06-15T17:38:18","modified_gmt":"2017-06-15T17:38:18","slug":"donar-al-milagro","status":"publish","type":"page","link":"https:\/\/elmilagro.org.mx\/st\/donar-al-milagro\/","title":{"rendered":"Donar al Milagro"},"content":{"rendered":"[mk_page_section bg_position=&#8221;center center&#8221; bg_repeat=&#8221;no-repeat&#8221; bg_stretch=&#8221;true&#8221; enable_3d=&#8221;true&#8221; video_loop=&#8221;false&#8221; video_color_mask=&#8221;#ffffff&#8221; video_opacity=&#8221;0.9&#8243; min_height=&#8221;0&#8243; padding_top=&#8221;60&#8243; sidebar=&#8221;sidebar-1&#8243;][vc_column][mk_fancy_title tag_name=&#8221;span&#8221; color=&#8221;#404040&#8243; size=&#8221;64&#8243; force_font_size=&#8221;true&#8221; size_smallscreen=&#8221;44&#8243; size_tablet=&#8221;34&#8243; size_phone=&#8221;28&#8243; font_weight=&#8221;600&#8243; font_family=&#8221;Playfair+Display&#8221; font_type=&#8221;google&#8221;]\n<p style=\"text-align: center;\">Donar al\u00a0Milagro<\/p>\n[\/mk_fancy_title][\/vc_column][\/mk_page_section][mk_page_section sidebar=&#8221;sidebar-1&#8243;][vc_column width=&#8221;1\/2&#8243;][mk_fancy_title tag_name=&#8221;span&#8221; color=&#8221;#404040&#8243; font_weight=&#8221;400&#8243; font_family=&#8221;Open+Sans&#8221; font_type=&#8221;google&#8221;]<strong>Datos bancarios a nombre:<\/strong> ARTE EL MILAGRO, A.C.<br \/>\n<strong>Banco:<\/strong> INBURSA<br \/>\n<strong>Sucursal:<\/strong> 00011<br \/>\n<strong>Cuenta de Cheques:<\/strong> 11518850018<br \/>\n<strong>CLABE Interbancaria:<\/strong> 036180115188500188<\/p>\n<p><strong>R.F.C.<\/strong>: AMI 040428 HW5<br \/>\n<strong>Correo:<\/strong> ventas@edicioneselmilagro.com.mx<br \/>\n<strong>Tel\u00e9fonos:<\/strong> 5566-9423 \/ 5566-5721[\/mk_fancy_title][vc_row_inner][vc_column_inner][\/vc_column_inner][\/vc_row_inner][vc_single_image image=&#8221;344&#8243; img_size=&#8221;full&#8221; alignment=&#8221;center&#8221;][\/vc_column][vc_column width=&#8221;1\/2&#8243;][mk_fancy_title tag_name=&#8221;span&#8221; color=&#8221;#404040&#8243; font_weight=&#8221;400&#8243; font_family=&#8221;Open+Sans&#8221; font_type=&#8221;google&#8221;]<strong>El Milagro<\/strong> es una asociaci\u00f3n civil sin fines de lucro, que subsiste principalmente gracias al programa <strong>&#8220;M\u00e9xico en escena&#8221;<\/strong> del <strong>FONCA <\/strong>y a los recursos que obtiene de la taquilla.<\/p>\n<p>&nbsp;<\/p>\n<p>Nuestro compromiso es que el teatro sea accesible para todos por lo que mantenemos los precios de nuestros boletos por debajo del \u00edndice del mercado, subsidiando el precio de cada boleto en un 40 %. Otras convocatorias de apoyo a las artes esc\u00e9nicas nos ayudan a veces a financiar los numerosos gastos que implica el mantenimiento y funcionamiento del teatro. Sin embargo, los recursos de nuestro milagro no solo se distribuyen entre nuestras producciones y el mantenimiento del teatro, sino tambi\u00e9n entre los programas con los que estamos comprometidos a subsidiar como: <strong>Los Estados en El Milagro<\/strong>, el <strong>Ciclo de Teatro Emergente, Ediciones El Milagro<\/strong> y el apoyo que brindamos a otros grupos independientes.<\/p>\n<p>&nbsp;<\/p>\n<p>Los incentivos econ\u00f3micos que recibimos son apenas suficientes para cubrir lo m\u00ednimamente necesario. Con la intenci\u00f3n de mejorar nuestra atenci\u00f3n al p\u00fablico y que sus visitas al teatro sean m\u00e1s placenteras, necesitamos mejorar las condiciones de nuestro lobby, adquirir aire acondicionado para el foro, e instalar c\u00e1maras de seguridad y no digamos sostener temporadas m\u00e1s largas en condiciones dignas para los equipos art\u00edsticos. Por todo esto solicitamos cualquier donativo que nos ayude a mejorar la experiencia de nuestro p\u00fablico.<\/p>\n<p>&nbsp;<\/p>\n<p>No existe cantidad m\u00ednima o m\u00e1xima. Toda ayuda es bienvenida. Puedes hacer un dep\u00f3sito o transferencia a nuestra cuenta bancaria, hacer una donaci\u00f3n presencial en la taquilla o en nuestras oficinas (<strong>Mil\u00e1n 18<\/strong>, <strong>Col Ju\u00e1rez<\/strong>). El Milagro es una donataria autorizada por el <strong>SAT<\/strong> y puede extender recibos deducibles.<\/p>\n<p>&nbsp;<\/p>\n<p><strong>\u00a1Gracias por contribuir al teatro mexicano!<\/strong>[\/mk_fancy_title][\/vc_column][\/mk_page_section]\n","protected":false},"excerpt":{"rendered":"<p>[mk_page_section bg_position=&#8221;center center&#8221; bg_repeat=&#8221;no-repeat&#8221; bg_stretch=&#8221;true&#8221; enable_3d=&#8221;true&#8221; video_loop=&#8221;false&#8221; video_color_mask=&#8221;#ffffff&#8221; video_opacity=&#8221;0.9&#8243; min_height=&#8221;0&#8243; padding_top=&#8221;60&#8243; sidebar=&#8221;sidebar-1&#8243;][vc_column][mk_fancy_title tag_name=&#8221;span&#8221; color=&#8221;#404040&#8243; size=&#8221;64&#8243; force_font_size=&#8221;true&#8221; size_smallscreen=&#8221;44&#8243; size_tablet=&#8221;34&#8243; size_phone=&#8221;28&#8243; font_weight=&#8221;600&#8243; font_family=&#8221;Playfair+Display&#8221; font_type=&#8221;google&#8221;] Donar al\u00a0Milagro [\/mk_fancy_title][\/vc_column][\/mk_page_section][mk_page_section sidebar=&#8221;sidebar-1&#8243;][vc_column width=&#8221;1\/2&#8243;][mk_fancy_title tag_name=&#8221;span&#8221; color=&#8221;#404040&#8243; font_weight=&#8221;400&#8243; font_family=&#8221;Open+Sans&#8221; font_type=&#8221;google&#8221;]Datos bancarios a nombre: ARTE EL MILAGRO, A.C. Banco: INBURSA Sucursal: 00011 Cuenta de Cheques: 11518850018 CLABE Interbancaria: 036180115188500188 R.F.C.: AMI 040428 HW5 Correo: [&hellip;]<\/p>\n","protected":false},"author":4,"featured_media":0,"parent":0,"menu_order":3,"comment_status":"closed","ping_status":"closed","template":"","meta":[],"_links":{"self":[{"href":"https:\/\/elmilagro.org.mx\/st\/wp-json\/wp\/v2\/pages\/479"}],"collection":[{"href":"https:\/\/elmilagro.org.mx\/st\/wp-json\/wp\/v2\/pages"}],"about":[{"href":"https:\/\/elmilagro.org.mx\/st\/wp-json\/wp\/v2\/types\/page"}],"author":[{"embeddable":true,"href":"https:\/\/elmilagro.org.mx\/st\/wp-json\/wp\/v2\/users\/4"}],"replies":[{"embeddable":true,"href":"https:\/\/elmilagro.org.mx\/st\/wp-json\/wp\/v2\/comments?post=479"}],"version-history":[{"count":0,"href":"https:\/\/elmilagro.org.mx\/st\/wp-json\/wp\/v2\/pages\/479\/revisions"}],"wp:attachment":[{"href":"https:\/\/elmilagro.org.mx\/st\/wp-json\/wp\/v2\/media?parent=479"}],"curies":[{"name":"wp","href":"https:\/\/api.w.org\/{rel}","templated":true}]}}