{"id":475,"date":"2017-06-15T17:23:33","date_gmt":"2017-06-15T17:23:33","guid":{"rendered":"http:\/\/bantics.xyz\/bgmil\/?page_id=475"},"modified":"2026-03-03T11:16:14","modified_gmt":"2026-03-03T17:16:14","slug":"presenta-milagro","status":"publish","type":"page","link":"https:\/\/elmilagro.org.mx\/st\/presenta-milagro\/","title":{"rendered":"Presentarse en el Milagro"},"content":{"rendered":"[mk_page_section bg_position=&#8221;center center&#8221; bg_repeat=&#8221;no-repeat&#8221; bg_stretch=&#8221;true&#8221; enable_3d=&#8221;true&#8221; video_color_mask=&#8221;#ffffff&#8221; video_opacity=&#8221;0.9&#8243; min_height=&#8221;0&#8243; padding_top=&#8221;60&#8243; sidebar=&#8221;sidebar-1&#8243;][vc_column][mk_fancy_title tag_name=&#8221;span&#8221; color=&#8221;#404040&#8243; size=&#8221;64&#8243; font_weight=&#8221;600&#8243; font_family=&#8221;Playfair+Display&#8221; font_type=&#8221;google&#8221;]\n<p style=\"text-align: center;\">Presentarse en el Milagro<\/p>\n[\/mk_fancy_title][\/vc_column][\/mk_page_section][vc_row][vc_column][vc_column_text css=&#8221;.vc_custom_1764366193751{margin-bottom: 0px !important;}&#8221;]Teatro El Milagro abri\u00f3 sus puertas en abril de 2008. Diecisiete a\u00f1os de experiencia confirman el perfil de El Milagro en favor de la autogesti\u00f3n, estabilidad y autonom\u00eda de proyectos art\u00edsticos con objetivos de largo plazo. Hemos optado por un teatro que es conocimiento del mundo y del coraz\u00f3n humano, diversi\u00f3n, espacio cr\u00edtico de nuestro tiempo, di\u00e1logo con la tradici\u00f3n y la novedad, arte y t\u00e9cnica en acci\u00f3n. Este perfil es dif\u00edcil de sostener y requiere de compa\u00f1\u00eda y solidaridad.<\/p>\n<p>Al entorno desfavorable para los teatros independientes, se suma que el Milagro ya no cuenta con el apoyo del programa M\u00e9xico en escena desde diciembre de 2024. Para sobrevivir y sostener nuestro perfil, nos vimos obligados a modificar nuestras condiciones de trabajo que antes establec\u00edan una divisi\u00f3n de taquilla, una vez descontado el 8% de ISEP (Impuesto sobre espect\u00e1culos p\u00fablicos), de 70% para la compa\u00f1\u00eda invitada \u2014 menos el pago de $1700 para el registro del espect\u00e1culo en Tesorer\u00eda\u2014 y 30% para el Milagro. Desde enero de 2025, nos vimos en la necesidad de a\u00f1adir a la repartici\u00f3n del 70-30%, un m\u00ednimo de garant\u00eda de ingreso por funci\u00f3n \u2014lo que sea m\u00e1s alto\u2014, de acuerdo con los siguientes<br \/>\ntabuladores:<\/p>\n<p><strong>Sala principal (82 espectadores a la italiana).<\/strong><br \/>\nLunes a jueves: garant\u00eda de $2000 por funci\u00f3n.<br \/>\nViernes a domingo: garant\u00eda de $2500 por funci\u00f3n.<br \/>\nS\u00e1bado y domingo 13 hrs.: garant\u00eda de $1500 por funci\u00f3n.<\/p>\n<p><strong>Sala El Milagrito (30-40 espectadores aproximadamente).<\/strong><br \/>\nLunes a jueves: garant\u00eda de $1250 por funci\u00f3n.<br \/>\nViernes a domingo: garant\u00eda de $1500 por funci\u00f3n.<br \/>\nS\u00e1bado y domingo 13 hrs.: garant\u00eda de $1000 por funci\u00f3n.<\/p>\n<p><strong>Estas condiciones tendr\u00e1n un 15% de aumento a partir de<\/strong><br \/>\n<strong>Julio de 2026.<\/strong><\/p>\n<p><strong>Consideraciones generales:<\/strong><\/p>\n<p>1. En todos los casos que arriba hemos descrito, se llevar\u00e1 a cabo una retenci\u00f3n del 8% de la taquilla para pago de ISEP (Impuesto sobre espect\u00e1culos p\u00fablicos) sobre el ingreso bruto.<br \/>\nEn caso de que el Milagro obtenga una exenci\u00f3n fiscal para dicho impuesto, se regresar\u00e1 la cantidad retenida.<\/p>\n<p>2. Pago, por parte de la compa\u00f1\u00eda invitada, de $1700 en el momento de la firma del acuerdo de colaboraci\u00f3n a fin de pagar el registro de la obra en la oficina de espect\u00e1culos p\u00fablicos. Es obligatorio que las obras est\u00e9n registradas en INDAUTOR para poder registrarlas en la oficina de Espect\u00e1culos p\u00fablicos de la Delegaci\u00f3n.<\/p>\n<p>4. Nuestro consejo art\u00edstico programa con al menos seis meses de anticipaci\u00f3n.<\/p>\n<p>5. El Milagro no puede extender facturas con IVA al ser una donataria autorizada.<\/p>\n<p>6. En el caso de grupos que soliciten EFITEATRO 2026, se cobrar\u00e1 una renta directa de $6900 netos por d\u00eda. En caso de que alguna compa\u00f1\u00eda est\u00e9 interesada en ser programada bajo esta modalidad, podr\u00e1 encontrar una carta modelo con las condiciones generales de programaci\u00f3n en el bot\u00f3n Requerimientos de difusi\u00f3n, pesta\u00f1a Presentarse en el milagro de nuestra p\u00e1gina web. Una vez aceptada su solicitud, les pedimos llenar la carta con los datos de su proyecto y con las condiciones de programaci\u00f3n pactadas. Deber\u00e1n enviar la carta al correo (rocio@edicioneselmilagro.com.mx) para su firma.<br \/>\n<strong>Damos una cantidad de cartas limitada. El Milagro reporta a las autoridades de EFIARTES a las compa\u00f1\u00edas que utilizan cartas del Milagro para postularse y finalmente se presentan en otros espacios, pues da\u00f1an a otras compa\u00f1\u00edas que no alcanzan espacio de programaci\u00f3n.<\/strong><\/p>\n<p>7. El Milagro solo apoya en especie proyectos de Coinversi\u00f3n\/FONCA.<\/p>\n<p>8. Salvo excepciones para Teatro Emergente, no programamos unipersonales de la Convocatoria Creadores Esc\u00e9nicos.<\/p>\n<p>9. El Milagro dispondr\u00e1 de solo 6 cortes\u00edas para su personal durante la temporada de las compa\u00f1\u00edas invitadas.<\/p>\n<p>10. La compa\u00f1\u00eda invitada se obliga a brindar 4 boletos de $10 para espectadores del programa \u201cYo te digo c\u00f3mo\u201d (p\u00fablico de bajo ingreso econ\u00f3mico) en cada funci\u00f3n.<\/p>\n<p>11. Las compa\u00f1\u00edas j\u00f3venes participantes en el Festival Teatro Emergente seguir\u00e1n recibiendo condiciones especiales (divisi\u00f3n de 25%-75% de taquilla).<\/p>\n<p>12. El Milagro no programa obras que se presentan uno o dos d\u00edas por semana entre jueves y domingo.<\/p>\n<p>&nbsp;<\/p>\n<p>El Milagro es un proyecto no lucrativo. Todos los ingresos extraordinarios que recibe se han destinado y seguir\u00e1n destin\u00e1ndose a su proyecto cultural y art\u00edstico. En 2024 programamos 196 funciones de compa\u00f1\u00edas invitadas y dimos, a\u00fan dentro del programa M\u00e9xico en escena, 97 funciones de producci\u00f3n o coproducci\u00f3n propia.<\/p>\n<p>Invitamos a nuestra comunidad art\u00edstica y al p\u00fablico a revisar nuestra secci\u00f3n de Transparencia (https:\/\/elmilagro.org.mx\/st\/transparencia\/), donde rendimos cuentas p\u00fablicas de los fondos recibidos y de aquellos que la propia Asociaci\u00f3n Civil genera, adem\u00e1s de que, como donataria autorizada, presentamos informes anuales a la Secretar\u00eda de Econom\u00eda.<\/p>\n<p>Ap\u00f3yanos a sostener nuestro perfil.[\/vc_column_text][\/vc_column][\/vc_row][vc_row][vc_column width=&#8221;1\/3&#8243;][vc_btn title=&#8221;Requerimientos de difusi\u00f3n&#8221; style=&#8221;flat&#8221; color=&#8221;primary&#8221; link=&#8221;url:https%3A%2F%2Felmilagro.org.mx%2Fst%2Fwp-content%2Fuploads%2F2026%2F02%2Frequerimientos-de-difusioun-2026-el-milagro.zip|title:Carpeta%20de%20difusi%C3%B3n|target:%20_blank|&#8221;][\/vc_column][vc_column width=&#8221;1\/3&#8243;][vc_btn title=&#8221;Requerimientos administrativos&#8221; color=&#8221;primary&#8221; link=&#8221;url:https%3A%2F%2Felmilagro.org.mx%2Fst%2Fwp-content%2Fuploads%2F2026%2F03%2Fcontratos-el-milagro-2026.zip||target:%20_blank|&#8221;][\/vc_column][vc_column width=&#8221;1\/3&#8243;][vc_btn title=&#8221;Ficha t\u00e9cnica y requerimientos t\u00e9cnicos&#8221; color=&#8221;primary&#8221; link=&#8221;url:https%3A%2F%2Felmilagro.org.mx%2Fst%2Fwp-content%2Fuploads%2F2024%2F11%2Fficha-tecnica-y-req.-tecnicos-.zip||target:%20_blank|&#8221;][\/vc_column][\/vc_row][vc_row][vc_column][vc_column_text css=&#8221;.vc_custom_1770690688898{margin-bottom: 0px !important;}&#8221;]DESCARGA NUESTRA CARTA DE EFIARTES AQU\u00cd:<\/p>\n<p><a href=\"https:\/\/elmilagro.org.mx\/st\/wp-content\/uploads\/2026\/02\/carta-efiartes.docx\">carta-efiartes<\/a>[\/vc_column_text][\/vc_column][\/vc_row]\n","protected":false},"excerpt":{"rendered":"<p>[mk_page_section bg_position=&#8221;center center&#8221; bg_repeat=&#8221;no-repeat&#8221; bg_stretch=&#8221;true&#8221; enable_3d=&#8221;true&#8221; video_color_mask=&#8221;#ffffff&#8221; video_opacity=&#8221;0.9&#8243; min_height=&#8221;0&#8243; padding_top=&#8221;60&#8243; sidebar=&#8221;sidebar-1&#8243;][vc_column][mk_fancy_title tag_name=&#8221;span&#8221; color=&#8221;#404040&#8243; size=&#8221;64&#8243; font_weight=&#8221;600&#8243; font_family=&#8221;Playfair+Display&#8221; font_type=&#8221;google&#8221;] Presentarse en el Milagro [\/mk_fancy_title][\/vc_column][\/mk_page_section][vc_row][vc_column][vc_column_text css=&#8221;.vc_custom_1764366193751{margin-bottom: 0px !important;}&#8221;]Teatro El Milagro abri\u00f3 sus puertas en abril de 2008. Diecisiete a\u00f1os de experiencia confirman el perfil de El Milagro en favor de la autogesti\u00f3n, estabilidad y autonom\u00eda de proyectos art\u00edsticos [&hellip;]<\/p>\n","protected":false},"author":4,"featured_media":0,"parent":0,"menu_order":5,"comment_status":"closed","ping_status":"closed","template":"","meta":[],"_links":{"self":[{"href":"https:\/\/elmilagro.org.mx\/st\/wp-json\/wp\/v2\/pages\/475"}],"collection":[{"href":"https:\/\/elmilagro.org.mx\/st\/wp-json\/wp\/v2\/pages"}],"about":[{"href":"https:\/\/elmilagro.org.mx\/st\/wp-json\/wp\/v2\/types\/page"}],"author":[{"embeddable":true,"href":"https:\/\/elmilagro.org.mx\/st\/wp-json\/wp\/v2\/users\/4"}],"replies":[{"embeddable":true,"href":"https:\/\/elmilagro.org.mx\/st\/wp-json\/wp\/v2\/comments?post=475"}],"version-history":[{"count":66,"href":"https:\/\/elmilagro.org.mx\/st\/wp-json\/wp\/v2\/pages\/475\/revisions"}],"predecessor-version":[{"id":8174,"href":"https:\/\/elmilagro.org.mx\/st\/wp-json\/wp\/v2\/pages\/475\/revisions\/8174"}],"wp:attachment":[{"href":"https:\/\/elmilagro.org.mx\/st\/wp-json\/wp\/v2\/media?parent=475"}],"curies":[{"name":"wp","href":"https:\/\/api.w.org\/{rel}","templated":true}]}}