{"id":468,"date":"2017-06-12T18:11:56","date_gmt":"2017-06-12T18:11:56","guid":{"rendered":"http:\/\/bantics.xyz\/bgmil\/?page_id=468"},"modified":"2025-04-11T20:04:25","modified_gmt":"2025-04-12T01:04:25","slug":"transparencia","status":"publish","type":"page","link":"https:\/\/elmilagro.org.mx\/st\/transparencia\/","title":{"rendered":"Transparencia"},"content":{"rendered":"[mk_page_section bg_position=&#8221;center center&#8221; bg_repeat=&#8221;no-repeat&#8221; bg_stretch=&#8221;true&#8221; enable_3d=&#8221;true&#8221; video_color_mask=&#8221;#ffffff&#8221; video_opacity=&#8221;0.9&#8243; min_height=&#8221;0&#8243; padding_top=&#8221;60&#8243; sidebar=&#8221;sidebar-1&#8243;][vc_column][mk_fancy_title tag_name=&#8221;span&#8221; color=&#8221;#404040&#8243; size=&#8221;64&#8243; font_weight=&#8221;600&#8243; font_family=&#8221;Playfair+Display&#8221; font_type=&#8221;google&#8221;]Transparencia[\/mk_fancy_title][mk_fancy_title tag_name=&#8221;span&#8221; color=&#8221;#404040&#8243; font_weight=&#8221;400&#8243; font_family=&#8221;Open+Sans&#8221; font_type=&#8221;google&#8221;]\n<p style=\"text-align: left;\"><span style=\"color: #000000;\">El Milagro, proyecto teatral independiente con 30 a\u00f1os de vida, concibe al teatro como un<\/span><br \/>\n<span style=\"color: #000000;\">medio de conocimiento y una necesidad para la vida cultural y social del pa\u00eds. Al contar<\/span><br \/>\n<span style=\"color: #000000;\">con una sede de trabajo que garantiza la continuidad de nuestro proyecto, hemos logrado<\/span><br \/>\n<span style=\"color: #000000;\">integrar la creaci\u00f3n esc\u00e9nica, la producci\u00f3n editorial y la reflexi\u00f3n art\u00edstica.<\/span><br \/>\n<span style=\"color: #000000;\">\u00a0<\/span><\/p>\n<p>&nbsp;<\/p>\n<p style=\"text-align: left;\"><span style=\"color: #000000;\">Tardamos diecisiete a\u00f1os en construir Teatro El Milagro \u2013levantado con fondos propios en<\/span><br \/>\n<span style=\"color: #000000;\">un 60%\u2013; hoy podemos hablar de una direcci\u00f3n art\u00edstica con objetivos precisos y en<\/span><br \/>\n<span style=\"color: #000000;\">constante renovaci\u00f3n, y con la experiencia que brindan la producci\u00f3n de m\u00e1s de sesenta<\/span><br \/>\n<span style=\"color: #000000;\">espect\u00e1culos y m\u00e1s de 200 libros publicados.<\/span><\/p>\n<p>&nbsp;<\/p>\n<p style=\"text-align: left;\"><span style=\"color: #000000;\">La econom\u00eda de El Milagro (Arte El Milagro, A.C.) se sustenta en tres fuentes de<\/span><br \/>\n<span style=\"color: #000000;\">financiamiento: ingresos de taquilla, venta de funciones, servicios y rentas de nuestros<\/span><br \/>\n<span style=\"color: #000000;\">espacios esc\u00e9nicos; aportaciones de instituciones gubernamentales ganadas en<\/span><br \/>\n<span style=\"color: #000000;\">convocatorias de car\u00e1cter p\u00fablico y, finalmente, aportaciones de nuestra propia Asociaci\u00f3n.<\/span><br \/>\n<span style=\"color: #000000;\">Todos los ingresos se reinvierten en nuestro proyecto cultural, vigilado financieramente por<\/span><br \/>\n<span style=\"color: #000000;\">la Comisio\u0301n de Fomento de las Actividades de las Organizaciones de la Sociedad Civil ,<\/span><br \/>\n<span style=\"color: #000000;\">adem\u00e1s de estar sujeto a los requisitos del SAT para donatarias autorizadas.<\/span><br \/>\n<span style=\"color: #000000;\">Desde que abri\u00f3 sus puertas en abril de 2008, Teatro El Milagro ha redistribuido los<\/span><br \/>\n<span style=\"color: #000000;\">recursos que gestiona en apoyo de la escena independiente de nuestro pa\u00eds.<\/span><br \/>\n<span style=\"color: #000000;\">\u00a0<\/span><\/p>\n<p>&nbsp;<\/p>\n<p style=\"text-align: left;\"><span style=\"color: #000000;\">Lograr estabilidad financiera y un alto grado de exigencia art\u00edstica es el deseo de los<\/span><br \/>\n<span style=\"color: #000000;\">mejores artistas esc\u00e9nicos de M\u00e9xico. Sin restarle peso a las obligaciones que corresponde<\/span><br \/>\n<span style=\"color: #000000;\">asumir al Estado en la promoci\u00f3n de las expresiones art\u00edsticas, creemos que los colectivos<\/span><br \/>\n<span style=\"color: #000000;\">debemos fortalecer nuestra independencia de criterios, contenidos y mecanismos de<\/span><br \/>\n<span style=\"color: #000000;\">producci\u00f3n a partir del ejercicio de la autonom\u00eda. De ah\u00ed que consideremos importante<\/span><br \/>\n<span style=\"color: #000000;\">transparentar los pasos financieros que hemos dado en los \u00faltimos a\u00f1os para lograr estos<\/span><br \/>\n<span style=\"color: #000000;\">objetivos.<\/span><\/p>\n<p>&nbsp;<\/p>\n<p style=\"text-align: left;\"><span style=\"color: #000000;\"><strong>Hasta diciembre de 2024, El Milagro cont\u00f3 con el apoyo de la convocatoria MEGA<\/strong><\/span><br \/>\n<span style=\"color: #000000;\"><strong>(SACPC). Actualmente no recibe ning\u00fan apoyo de los gobiernos local y federal.<\/strong> En las <\/span><span style=\"color: #000000;\">pesta\u00f1as CLUNI, encontrar\u00e1 los ejercicios presupuestales de a\u00f1os anteriores y los reportes a<\/span><br \/>\n<span style=\"color: #000000;\">la Comisio\u0301n de Fomento de las Actividades de las Organizaciones de la Sociedad Civil.<\/span><\/p>\n[\/mk_fancy_title][vc_btn title=&#8221;Informe Anual y acuse de env\u00edo 2019&#8243; color=&#8221;warning&#8221; link=&#8221;url:https%3A%2F%2Felmilagro.org.mx%2Fst%2Fwp-content%2Fuploads%2F2022%2F10%2Fcluni-2019.zip||target:%20_blank|&#8221;][vc_btn title=&#8221;Informe Anual y acuse de env\u00edo 2020&#8243; color=&#8221;warning&#8221; link=&#8221;url:https%3A%2F%2Felmilagro.org.mx%2Fst%2Fwp-content%2Fuploads%2F2022%2F10%2Fcluni-2020.zip||target:%20_blank|&#8221;][vc_btn title=&#8221;Informe Anual y acuse de env\u00edo 2021&#8243; color=&#8221;warning&#8221; link=&#8221;url:https%3A%2F%2Felmilagro.org.mx%2Fst%2Fwp-content%2Fuploads%2F2022%2F10%2Fcluni-2021.zip||target:%20_blank|&#8221;][vc_btn title=&#8221;Informe Anual y acuse de env\u00edo 2022&#8243; color=&#8221;warning&#8221; link=&#8221;url:https%3A%2F%2Felmilagro.org.mx%2Fst%2Fwp-content%2Fuploads%2F2025%2F04%2Ftransparencia-2022-1.zip||target:%20_blank|&#8221;][vc_btn title=&#8221;Informe Anual y acuse de env\u00edo 2023&#8243; color=&#8221;warning&#8221; link=&#8221;url:https%3A%2F%2Felmilagro.org.mx%2Fst%2Fwp-content%2Fuploads%2F2025%2F04%2Fcluni-2023.zip||target:%20_blank|&#8221;][vc_btn title=&#8221;Informe Anual y acuse de env\u00edo 2024&#8243; color=&#8221;warning&#8221; link=&#8221;url:https%3A%2F%2Felmilagro.org.mx%2Fst%2Fwp-content%2Fuploads%2F2025%2F04%2Fcluni-2024-1.zip||target:%20_blank|&#8221;][vc_row_inner][vc_column_inner width=&#8221;1\/2&#8243;][mk_fancy_title font_family=&#8221;none&#8221;]<b>EJERCICIO 2024 (ENERO-DICIEMBRE)<\/b>[\/mk_fancy_title][mk_table el_class=&#8221;tabla-trans&#8221;]\n<table width=\"452\">\n<tbody>\n<tr>\n<td width=\"361\"><strong><span style=\"color: #000000;\">INGRESOS<\/span><\/strong><\/td>\n<td width=\"91\"><\/td>\n<\/tr>\n<tr>\n<td><span style=\"color: #000000;\">SALDO ENERO DE 2024<\/span><\/td>\n<td><span style=\"color: #000000;\">390,096<\/span><\/td>\n<\/tr>\n<tr>\n<td><span style=\"color: #000000;\">TAQUILLA, CAFETER\u00cdA E INTERESES BANCARIOS<\/span><\/td>\n<td><span style=\"color: #000000;\">565,200<\/span><\/td>\n<\/tr>\n<tr>\n<td><span style=\"color: #000000;\">APORTACI\u00d3N ARTE EL MILAGRO A.C.<\/span><\/td>\n<td><span style=\"color: #000000;\">24,600<\/span><\/td>\n<\/tr>\n<tr>\n<td><span style=\"color: #000000;\">APORTACI\u00d3N FONCA<\/span><\/td>\n<td><span style=\"color: #000000;\">1,740,000<\/span><\/td>\n<\/tr>\n<tr>\n<td><span style=\"color: #000000;\">APORTACI\u00d3N SECRETAR\u00cdA DE CULTURA DE LA CDMX<\/span><\/td>\n<td><span style=\"color: #000000;\">200,000<\/span><\/td>\n<\/tr>\n<tr>\n<td><span style=\"color: #000000;\">RENTAS Y EFITEATRO<\/span><\/td>\n<td><span style=\"color: #000000;\">159,200<\/span><\/td>\n<\/tr>\n<tr>\n<td><span style=\"color: #000000;\">TOTAL DE INGRESOS<\/span><\/td>\n<td><span style=\"color: #000000;\">$3,079,096<\/span><\/td>\n<\/tr>\n<\/tbody>\n<\/table>\n[\/mk_table][\/vc_column_inner][vc_column_inner width=&#8221;1\/2&#8243;][mk_fancy_title font_family=&#8221;none&#8221;]<b>EJERCICIO 2024 (ENERO-DICIEMBRE)<\/b>[\/mk_fancy_title][mk_table el_class=&#8221;tabla-trans&#8221;]\n<table width=\"452\">\n<tbody>\n<tr>\n<td width=\"361\"><strong><span style=\"color: #000000;\">EGRESOS<\/span><\/strong><\/td>\n<td width=\"91\"><\/td>\n<\/tr>\n<tr>\n<td><span style=\"color: #000000;\">GASTOS GENERALES<\/span><\/td>\n<td><\/td>\n<\/tr>\n<tr>\n<td><span style=\"color: #000000;\">HONORARIOS DE SERVICIOS AL P\u00daBLICO<\/span><\/td>\n<td><span style=\"color: #000000;\">140,600<\/span><\/td>\n<\/tr>\n<tr>\n<td><span style=\"color: #000000;\">ASISTENTE ADMINISTRATIVO Y TR\u00c1MITES<\/span><\/td>\n<td><span style=\"color: #000000;\">150,600<\/span><\/td>\n<\/tr>\n<tr>\n<td><span style=\"color: #000000;\">CONSEJO ART\u00cdSTICO<\/span><\/td>\n<td><span style=\"color: #000000;\">450,000<\/span><\/td>\n<\/tr>\n<tr>\n<td><span style=\"color: #000000;\">MANTENIMIENTO DEL TEATRO<\/span><\/td>\n<td><span style=\"color: #000000;\">79,600<\/span><\/td>\n<\/tr>\n<tr>\n<td><span style=\"color: #000000;\">TECNICOS Y VIGILANCIA<\/span><\/td>\n<td><span style=\"color: #000000;\">282,300<\/span><\/td>\n<\/tr>\n<tr>\n<td><span style=\"color: #000000;\">PRENSA Y DIFUSI\u00d3N<\/span><\/td>\n<td><span style=\"color: #000000;\">104,300<\/span><\/td>\n<\/tr>\n<tr>\n<td><span style=\"color: #000000;\">SEGUROS, FIANZAS Y PERMISOS DE OPERACI\u00d3N<\/span><\/td>\n<td><span style=\"color: #000000;\">6,600<\/span><\/td>\n<\/tr>\n<tr>\n<td><span style=\"color: #000000;\">TEL\u00c9FONO, LUZ, AGUA, PREDIAL, PAPELER\u00cdA<\/span><\/td>\n<td><span style=\"color: #000000;\">129,600<\/span><\/td>\n<\/tr>\n<tr>\n<td><span style=\"color: #000000;\">HONORARIOS de CONTABILIDAD<\/span><\/td>\n<td><span style=\"color: #000000;\">69,600<\/span><\/td>\n<\/tr>\n<tr>\n<td><span style=\"color: #000000;\">BODEGA<\/span><\/td>\n<td><span style=\"color: #000000;\">103,400<\/span><\/td>\n<\/tr>\n<tr>\n<td><span style=\"color: #000000;\">IMPUESTOS E IMSS\u00a0<\/span><\/td>\n<td><span style=\"color: #000000;\">216,400<\/span><\/td>\n<\/tr>\n<tr>\n<td><span style=\"color: #000000;\">GASTOS BANCARIOS<\/span><\/td>\n<td><span style=\"color: #000000;\">4,700<\/span><\/td>\n<\/tr>\n<tr>\n<td><strong><span style=\"color: #000000;\">TOTAL DE EGRESOS GASTOS GENERALES<\/span><\/strong><\/td>\n<td><span style=\"color: #000000;\">$<strong>1,737,700<\/strong><\/span><\/td>\n<\/tr>\n<\/tbody>\n<\/table>\n<p>&nbsp;[\/mk_table][\/vc_column_inner][\/vc_row_inner][vc_row_inner][vc_column_inner width=&#8221;1\/2&#8243;][mk_fancy_title font_family=&#8221;none&#8221;]<b>EJERCICIO 2024 (ENERO-DICIEMBRE)<\/b>[\/mk_fancy_title][mk_table el_class=&#8221;tabla-trans&#8221;]\n<table width=\"452\">\n<tbody>\n<tr>\n<td width=\"361\"><strong><span style=\"color: #000000;\">APORTACI\u00d3N A PROYECTOS\u00a0<\/span><\/strong><\/td>\n<td width=\"91\"><\/td>\n<\/tr>\n<tr>\n<td><span style=\"color: #000000;\">HOMENAJE A HUGO HIRIART<\/span><\/td>\n<td><span style=\"color: #000000;\">8,000<\/span><\/td>\n<\/tr>\n<tr>\n<td><span style=\"color: #000000;\">CURSOS DE RETRIBUCI\u00d3N SOCIAL<\/span><\/td>\n<td><span style=\"color: #000000;\">16,600<\/span><\/td>\n<\/tr>\n<tr>\n<td><span style=\"color: #000000;\">LA DULZURA\u00a0<\/span><\/td>\n<td><span style=\"color: #000000;\">55,000<\/span><\/td>\n<\/tr>\n<tr>\n<td><span style=\"color: #000000;\">AMOR Y RABIA<\/span><\/td>\n<td><span style=\"color: #000000;\">266,400<\/span><\/td>\n<\/tr>\n<tr>\n<td><span style=\"color: #000000;\">LA NOSTALGIA<\/span><\/td>\n<td><span style=\"color: #000000;\">264,000<\/span><\/td>\n<\/tr>\n<tr>\n<td><span style=\"color: #000000;\">TEATRO EMERGENTE<\/span><\/td>\n<td><span style=\"color: #000000;\">24,600<\/span><\/td>\n<\/tr>\n<tr>\n<td><span style=\"color: #000000;\">EDICIONES EL MILAGRO<\/span><\/td>\n<td><span style=\"color: #000000;\">44,500<\/span><\/td>\n<\/tr>\n<tr>\n<td><span style=\"color: #000000;\">CICLO DE VIDEOS ENTRE MONSTRUOS<\/span><\/td>\n<td><span style=\"color: #000000;\">15,000<\/span><\/td>\n<\/tr>\n<tr>\n<td><span style=\"color: #000000;\">TOTAL PROYECTOS<\/span><\/td>\n<td><span style=\"color: #000000;\">$694,100<\/span><\/td>\n<\/tr>\n<tr>\n<td><\/td>\n<td><\/td>\n<\/tr>\n<tr>\n<td><strong><span style=\"color: #000000;\">TOTAL DE EGRESOS<\/span><\/strong><\/td>\n<td><strong><span style=\"color: #000000;\">$3,079,096<\/span><\/strong><\/td>\n<\/tr>\n<tr>\n<td><strong><span style=\"color: #000000;\">DIFERENCIA INGRESOS MENOS EGRESOS<\/span><\/strong><\/td>\n<td><strong><span style=\"color: #000000;\">$647,296<\/span><\/strong><\/td>\n<\/tr>\n<\/tbody>\n<\/table>\n[\/mk_table][\/vc_column_inner][vc_column_inner width=&#8221;1\/2&#8243;][mk_fancy_title font_family=&#8221;none&#8221;]\n<h3 class=\"shortcode-heading mk-fancy-title pattern-style align-left \">RESULTADOS EL MILAGRO<\/h3>\n[\/mk_fancy_title][mk_table el_class=&#8221;tabla-trans&#8221;]\n<table width=\"452\">\n<tbody>\n<tr>\n<td width=\"361\"><span style=\"color: #000000;\"><strong>\u00a0ENERO-DICIEMBRE 2024<\/strong><\/span><\/td>\n<td width=\"91\"><\/td>\n<\/tr>\n<tr>\n<td><\/td>\n<td><\/td>\n<\/tr>\n<tr>\n<td>\n<table width=\"452\">\n<tbody>\n<tr>\n<td width=\"361\"><span style=\"color: #000000;\">FUNCIONES CON PRODUCCI\u00d3N PROPIA<\/span><\/td>\n<td width=\"91\"><span style=\"color: #000000;\">61<\/span><\/td>\n<\/tr>\n<tr>\n<td><\/td>\n<td><\/td>\n<\/tr>\n<tr>\n<td><span style=\"color: #000000;\">FUNCIONES EN COPRODUCCI\u00d3N<\/span><\/td>\n<td><span style=\"color: #000000;\">36<\/span><\/td>\n<\/tr>\n<tr>\n<td><\/td>\n<td><\/td>\n<\/tr>\n<tr>\n<td><span style=\"color: #000000;\">FUNCIONES DE COMPA\u00d1\u00cdAS INVITADAS<\/span><\/td>\n<td><span style=\"color: #000000;\">203<\/span><\/td>\n<\/tr>\n<tr>\n<td><\/td>\n<td><\/td>\n<\/tr>\n<tr>\n<td><span style=\"color: #000000;\">DOCUMENTALES DE DIFUSI\u00d3N TEATRAL<\/span><\/td>\n<td><span style=\"color: #000000;\">7<\/span><\/td>\n<\/tr>\n<tr>\n<td><\/td>\n<td><\/td>\n<\/tr>\n<tr>\n<td><span style=\"color: #000000;\">FUNCIONES DE RETRIBUCI\u00d3N SOCIAL<\/span><\/td>\n<td><span style=\"color: #000000;\">13<\/span><\/td>\n<\/tr>\n<tr>\n<td><\/td>\n<td><\/td>\n<\/tr>\n<tr>\n<td><span style=\"color: #000000;\">HOMENAJES, PUBLICACIONES Y CURSOS<\/span><\/td>\n<td><span style=\"color: #000000;\">7<\/span><\/td>\n<\/tr>\n<\/tbody>\n<\/table>\n<\/td>\n<td><\/td>\n<\/tr>\n<\/tbody>\n<\/table>\n[\/mk_table][\/vc_column_inner][\/vc_row_inner][\/vc_column][\/mk_page_section][vc_row][vc_column width=&#8221;1\/3&#8243;][\/vc_column][\/vc_row][vc_row][vc_column width=&#8221;1\/4&#8243; css=&#8221;.vc_custom_1500400954701{border-radius: 1px !important;}&#8221;][\/vc_column][vc_column width=&#8221;1\/4&#8243;][\/vc_column][\/vc_row][vc_row][vc_column width=&#8221;1\/3&#8243;][\/vc_column][vc_column width=&#8221;1\/3&#8243;][vc_single_image image=&#8221;362&#8243; img_size=&#8221;full&#8221;][\/vc_column][vc_column width=&#8221;1\/3&#8243;][\/vc_column][\/vc_row]\n","protected":false},"excerpt":{"rendered":"<p>[mk_page_section bg_position=&#8221;center center&#8221; bg_repeat=&#8221;no-repeat&#8221; bg_stretch=&#8221;true&#8221; enable_3d=&#8221;true&#8221; video_color_mask=&#8221;#ffffff&#8221; video_opacity=&#8221;0.9&#8243; min_height=&#8221;0&#8243; padding_top=&#8221;60&#8243; sidebar=&#8221;sidebar-1&#8243;][vc_column][mk_fancy_title tag_name=&#8221;span&#8221; color=&#8221;#404040&#8243; size=&#8221;64&#8243; font_weight=&#8221;600&#8243; font_family=&#8221;Playfair+Display&#8221; font_type=&#8221;google&#8221;]Transparencia[\/mk_fancy_title][mk_fancy_title tag_name=&#8221;span&#8221; color=&#8221;#404040&#8243; font_weight=&#8221;400&#8243; font_family=&#8221;Open+Sans&#8221; font_type=&#8221;google&#8221;] El Milagro, proyecto teatral independiente con 30 a\u00f1os de vida, concibe al teatro como un medio de conocimiento y una necesidad para la vida cultural y social del pa\u00eds. Al contar con una [&hellip;]<\/p>\n","protected":false},"author":4,"featured_media":0,"parent":0,"menu_order":23,"comment_status":"closed","ping_status":"closed","template":"","meta":[],"_links":{"self":[{"href":"https:\/\/elmilagro.org.mx\/st\/wp-json\/wp\/v2\/pages\/468"}],"collection":[{"href":"https:\/\/elmilagro.org.mx\/st\/wp-json\/wp\/v2\/pages"}],"about":[{"href":"https:\/\/elmilagro.org.mx\/st\/wp-json\/wp\/v2\/types\/page"}],"author":[{"embeddable":true,"href":"https:\/\/elmilagro.org.mx\/st\/wp-json\/wp\/v2\/users\/4"}],"replies":[{"embeddable":true,"href":"https:\/\/elmilagro.org.mx\/st\/wp-json\/wp\/v2\/comments?post=468"}],"version-history":[{"count":15,"href":"https:\/\/elmilagro.org.mx\/st\/wp-json\/wp\/v2\/pages\/468\/revisions"}],"predecessor-version":[{"id":7560,"href":"https:\/\/elmilagro.org.mx\/st\/wp-json\/wp\/v2\/pages\/468\/revisions\/7560"}],"wp:attachment":[{"href":"https:\/\/elmilagro.org.mx\/st\/wp-json\/wp\/v2\/media?parent=468"}],"curies":[{"name":"wp","href":"https:\/\/api.w.org\/{rel}","templated":true}]}}