{"id":450,"date":"2017-05-18T18:17:35","date_gmt":"2017-05-18T18:17:35","guid":{"rendered":"http:\/\/bantics.xyz\/bgmil\/?page_id=450"},"modified":"2017-05-18T18:17:35","modified_gmt":"2017-05-18T18:17:35","slug":"oferta-mes","status":"publish","type":"page","link":"https:\/\/elmilagro.org.mx\/st\/oferta-mes\/","title":{"rendered":"Oferta del mes"},"content":{"rendered":"[mk_page_section bg_image=&#8221;https:\/\/bantics.xyz\/bgmil\/wp-content\/uploads\/2017\/04\/tmilagro08-1-1.jpg&#8221; bg_position=&#8221;center center&#8221; bg_repeat=&#8221;no-repeat&#8221; bg_stretch=&#8221;true&#8221; enable_3d=&#8221;true&#8221; video_loop=&#8221;false&#8221; video_color_mask=&#8221;#ffffff&#8221; video_opacity=&#8221;0.8&#8243; padding_top=&#8221;60&#8243; sidebar=&#8221;sidebar-1&#8243;][vc_column][mk_fancy_title color=&#8221;#261e1e&#8221; size=&#8221;28&#8243; font_family=&#8221;none&#8221;]\n<h2 style=\"text-align: left;\">Oferta del mes<\/h2>\n<p>Ven por por alguno\u00a0 de estos t\u00edtulos de <strong>Ediciones El Milagro<\/strong><\/p>\n<p>que tendremos a un precio especial de\u00a0 <strong>$30<\/strong> por tiempo limitado.<\/p>\n<p>Aprovecha esta gran oprtunidad y mantente al pendiente de las publicaciones que iremos incluyendo en esta promoci\u00f3n.<\/p>\n<h3><\/h3>\n[\/mk_fancy_title][vc_row_inner][vc_column_inner width=&#8221;1\/3&#8243;][vc_single_image image=&#8221;943&#8243; img_size=&#8221;full&#8221;][vc_single_image image=&#8221;944&#8243; img_size=&#8221;full&#8221;][\/vc_column_inner][vc_column_inner width=&#8221;1\/3&#8243;][vc_column_text]\n<h1><\/h1>\n<h1><\/h1>\n<h1><\/h1>\n<h1><\/h1>\n<h1>\u00a0<span style=\"font-family: Verdana,Arial,Helvetica,sans-serif; font-size: small;\"><strong><span style=\"color: #ffffff;\"><span style=\"color: #000000;\">La lecci\u00f3n de anatom\u00eda<\/span><\/span><\/strong><\/span><\/h1>\n<h1><span style=\"font-family: Verdana,Arial,Helvetica,sans-serif; font-size: small;\"><strong><span style=\"color: #000000;\"><span style=\"font-family: Verdana,Arial,Helvetica,sans-serif; font-size: small;\"><b>de <\/b><\/span>Larry Tremblay<\/span><\/strong><\/span><\/h1>\n<h1><\/h1>\n<h1><span style=\"font-family: Verdana,Arial,Helvetica,sans-serif; font-size: small;\">Traducci\u00f3n: <strong>Philippe Ch\u00e9ron<\/strong><br \/>\nVersi\u00f3n e introducci\u00f3n: <strong>David Olgu\u00edn<\/strong><\/span><\/h1>\n<p>&nbsp;<\/p>\n<p><span style=\"font-family: Verdana,Arial,Helvetica,sans-serif; font-size: small;\">No s\u00f3lo estamos ante una historia de amor o ante una biograf\u00eda donde una l\u00facida mujer hace la disecci\u00f3n de su vida. Esta obra heterodoxa, al explorar un cuerpo, nos regresa a aquellos tiempos en donde cualquier conocimiento formaba parte de la explicaci\u00f3n total del cosmos.<\/span><\/p>\n<p><span style=\"font-family: Verdana,Arial,Helvetica,sans-serif; font-size: small;\">\u00a0<\/span><\/p>\n<div align=\"right\"><\/div>\n<div align=\"right\"><\/div>\n<div align=\"right\"><\/div>\n<div align=\"right\"><\/div>\n<div style=\"text-align: left;\" align=\"right\"><\/div>\n<div style=\"text-align: left;\" align=\"right\"><\/div>\n<div style=\"text-align: left;\" align=\"right\"><\/div>\n<div style=\"text-align: left;\" align=\"right\"><\/div>\n<div style=\"text-align: left;\" align=\"right\"><\/div>\n<div style=\"text-align: left;\" align=\"right\"><\/div>\n<div style=\"text-align: left;\" align=\"right\"><\/div>\n<div style=\"text-align: left;\" align=\"right\"><\/div>\n<h1 style=\"text-align: left;\" align=\"right\"><\/h1>\n<h1 style=\"text-align: left;\" align=\"right\"><\/h1>\n<h1 style=\"text-align: left;\" align=\"right\"><\/h1>\n<h1 style=\"text-align: left;\" align=\"right\"><\/h1>\n<h1 style=\"text-align: left;\" align=\"right\"><\/h1>\n<h1 style=\"text-align: left;\" align=\"right\"><\/h1>\n<p>&nbsp;<\/p>\n<p><span style=\"color: #000000;\"><span style=\"font-family: Verdana,Arial,Helvetica,sans-serif; font-size: small;\"><b>Paisaje interior norte\/sur<\/b><\/span><b><span style=\"font-family: Verdana,Arial,Helvetica,sans-serif; font-size: small;\">\u00a0<\/span><\/b><\/span><\/p>\n<p><span style=\"color: #000000;\"><b><span style=\"font-family: Verdana,Arial,Helvetica,sans-serif; font-size: small;\">de Estela Le\u00f1ero<\/span><\/b><\/span><\/p>\n<p>&nbsp;<\/p>\n<p><span style=\"font-family: Verdana,Arial,Helvetica,sans-serif; font-size: small;\">Dos mujeres descifran los enigmas de su pasado, su presente y su futuro. La historia \u00edntima retrata, a la vez, los problemas colectivos de un mapa que va de Baja California a Chiapas.<\/span>[\/vc_column_text][\/vc_column_inner][vc_column_inner width=&#8221;1\/3&#8243;][\/vc_column_inner][\/vc_row_inner][\/vc_column][\/mk_page_section]\n","protected":false},"excerpt":{"rendered":"<p>[mk_page_section bg_image=&#8221;https:\/\/bantics.xyz\/bgmil\/wp-content\/uploads\/2017\/04\/tmilagro08-1-1.jpg&#8221; bg_position=&#8221;center center&#8221; bg_repeat=&#8221;no-repeat&#8221; bg_stretch=&#8221;true&#8221; enable_3d=&#8221;true&#8221; video_loop=&#8221;false&#8221; video_color_mask=&#8221;#ffffff&#8221; video_opacity=&#8221;0.8&#8243; padding_top=&#8221;60&#8243; sidebar=&#8221;sidebar-1&#8243;][vc_column][mk_fancy_title color=&#8221;#261e1e&#8221; size=&#8221;28&#8243; font_family=&#8221;none&#8221;] Oferta del mes Ven por por alguno\u00a0 de estos t\u00edtulos de Ediciones El Milagro que tendremos a un precio especial de\u00a0 $30 por tiempo limitado. Aprovecha esta gran oprtunidad y mantente al pendiente de las publicaciones que iremos incluyendo en [&hellip;]<\/p>\n","protected":false},"author":4,"featured_media":0,"parent":0,"menu_order":18,"comment_status":"closed","ping_status":"closed","template":"","meta":[],"_links":{"self":[{"href":"https:\/\/elmilagro.org.mx\/st\/wp-json\/wp\/v2\/pages\/450"}],"collection":[{"href":"https:\/\/elmilagro.org.mx\/st\/wp-json\/wp\/v2\/pages"}],"about":[{"href":"https:\/\/elmilagro.org.mx\/st\/wp-json\/wp\/v2\/types\/page"}],"author":[{"embeddable":true,"href":"https:\/\/elmilagro.org.mx\/st\/wp-json\/wp\/v2\/users\/4"}],"replies":[{"embeddable":true,"href":"https:\/\/elmilagro.org.mx\/st\/wp-json\/wp\/v2\/comments?post=450"}],"version-history":[{"count":0,"href":"https:\/\/elmilagro.org.mx\/st\/wp-json\/wp\/v2\/pages\/450\/revisions"}],"wp:attachment":[{"href":"https:\/\/elmilagro.org.mx\/st\/wp-json\/wp\/v2\/media?parent=450"}],"curies":[{"name":"wp","href":"https:\/\/api.w.org\/{rel}","templated":true}]}}