{"id":265,"date":"2017-04-25T19:24:07","date_gmt":"2017-04-25T19:24:07","guid":{"rendered":"http:\/\/bantics.xyz\/bgmil\/?page_id=265"},"modified":"2021-07-29T11:38:14","modified_gmt":"2021-07-29T16:38:14","slug":"butacahabientes","status":"publish","type":"page","link":"https:\/\/elmilagro.org.mx\/st\/butacahabientes\/","title":{"rendered":"Butacahabientes"},"content":{"rendered":"[mk_page_section bg_position=&#8221;center center&#8221; bg_repeat=&#8221;no-repeat&#8221; bg_stretch=&#8221;true&#8221; enable_3d=&#8221;true&#8221; video_color_mask=&#8221;#ffffff&#8221; video_opacity=&#8221;0.9&#8243; min_height=&#8221;0&#8243; padding_top=&#8221;60&#8243; sidebar=&#8221;sidebar-1&#8243;][vc_column][mk_fancy_title tag_name=&#8221;span&#8221; color=&#8221;#404040&#8243; size=&#8221;64&#8243; font_weight=&#8221;600&#8243; font_family=&#8221;Playfair+Display&#8221; font_type=&#8221;google&#8221;]\n<p style=\"text-align: center;\">Butacahabientes<\/p>\n[\/mk_fancy_title][\/vc_column][\/mk_page_section][vc_row fullwidth=&#8221;true&#8221; parallax=&#8221;content-moving&#8221; parallax_image=&#8221;386&#8243; el_class=&#8221;butacas-foto&#8221;][vc_column][vc_column_text disable_pattern=&#8221;false&#8221; align=&#8221;center&#8221; el_class=&#8221;texto-butaca&#8221;]\n<p style=\"text-align: center;\">Tolita Figueroa, Daniel Gim\u00e9nez Cacho y Lorena Maza, los tres miembros fundadores de Teatro El Milagro, proyecto al que luego se unir\u00edan Gabriel Pascal, Pablo Moya y David Olguin, lanzaron una campa\u00f1a de recaudaci\u00f3n de fondos al comienzo de la aventura de construir un teatro. Uno de los mecanismos de recaudaci\u00f3n que recibi\u00f3 una generosa respuesta de parte de miembros de la comunidad art\u00edstica y de amigos del proyecto fue la adquisici\u00f3n de una butaca del futuro teatro.<\/p>\n<p>Los fondos se recibieron en los primeros a\u00f1os de la d\u00e9cada de los a\u00f1os noventa pero s\u00f3lo hasta 2008, tras muchas peripecias en la historia del proyecto, se logr\u00f3 abrir Teatro El Milagro como hoy d\u00eda lo conocemos.<\/p>\n<p>En esta p\u00e1gina queremos reconocer la importante y generosa confianza de los butacahabientes que so\u00f1aron, junto con los miembros de El Milagro, que era posible abrir y sostener un teatro independiente en esta Ciudad. A todos ellos brindamos nuestra m\u00e1s sincera gratitud.[\/vc_column_text][\/vc_column][\/vc_row][mk_page_section bg_repeat=&#8221;no-repeat&#8221; bg_stretch=&#8221;true&#8221; sidebar=&#8221;sidebar-1&#8243;][vc_column][mk_fancy_title size=&#8221;28&#8243; force_font_size=&#8221;true&#8221; size_smallscreen=&#8221;24&#8243; size_tablet=&#8221;20&#8243; size_phone=&#8221;16&#8243; font_family=&#8221;none&#8221;]\n<h2 style=\"text-align: center;\"><\/h2>\n<p style=\"text-align: center; color: white;\">Diana Bracho<\/p>\n<p style=\"text-align: center; color: white;\">Isaac Broid<\/p>\n<p style=\"text-align: center; color: white;\">Mini Caire<\/p>\n<p style=\"text-align: center;\">Juan Coronel<\/p>\n<p style=\"text-align: center;\">Alfonso Cuar\u00f3n<\/p>\n<p style=\"text-align: center;\">Julio Derbez del Pino \u271d<\/p>\n<p style=\"text-align: center;\">Emo\u00e9 de la Parra<\/p>\n<p style=\"text-align: center;\">Nicol\u00e1s Echeverr\u00eda<\/p>\n<p style=\"text-align: center;\">Jorge Gamboa de Buen<\/p>\n<p style=\"text-align: center;\">Carmen Gim\u00e9nez Cacho<\/p>\n<p style=\"text-align: center;\">Lucinda Guti\u00e9rrez<\/p>\n<p style=\"text-align: center;\">Luisa Huertas<\/p>\n<p style=\"text-align: center;\">Diego J\u00e1uregui<\/p>\n<p style=\"text-align: center;\">Federico Gonz\u00e1lez Compe\u00e1n<\/p>\n<p style=\"text-align: center;\">Felipe de Jes\u00fas Guti\u00e9rrez<\/p>\n<p style=\"text-align: center;\">Mario Lavista<\/p>\n<p style=\"text-align: center;\">Nora Manneck<\/p>\n<p style=\"text-align: center;\">Lidia Margules<\/p>\n<p style=\"text-align: center;\">Ludwik Margules \u271d<\/p>\n<p style=\"text-align: center;\">Ofelia Medina<\/p>\n<p style=\"text-align: center;\">Pablo Moya<\/p>\n<p style=\"text-align: center;\">David Olgu\u00edn<\/p>\n<p style=\"text-align: center;\">Adriana Olivera<\/p>\n<p style=\"text-align: center;\">Antonio Pe\u00f1\u00fa\u00f1uri<\/p>\n<p style=\"text-align: center;\">Anil\u00fa Pardo<\/p>\n<p style=\"text-align: center;\">Carlos Roces<\/p>\n<p style=\"text-align: center;\">Laura Rode<\/p>\n<p style=\"text-align: center;\">H\u00e9ctor Rode<\/p>\n<p style=\"text-align: center;\">Rogelio Rojas<\/p>\n<p style=\"text-align: center;\">Alba Rojo \u271d<\/p>\n<p style=\"text-align: center;\">Vicente Rojo \u271d<\/p>\n<p style=\"text-align: center;\">Roberto Sep\u00falveda<\/p>\n<p style=\"text-align: center;\">Antonio Serrano<\/p>\n<p style=\"text-align: center;\">Georgina Tabora<\/p>\n<p style=\"text-align: center;\">Carlos Trejo \u271d<\/p>\n<p style=\"text-align: center;\">Marta Verduzco<\/p>\n[\/mk_fancy_title][\/vc_column][\/mk_page_section]\n","protected":false},"excerpt":{"rendered":"<p>[mk_page_section bg_position=&#8221;center center&#8221; bg_repeat=&#8221;no-repeat&#8221; bg_stretch=&#8221;true&#8221; enable_3d=&#8221;true&#8221; video_color_mask=&#8221;#ffffff&#8221; video_opacity=&#8221;0.9&#8243; min_height=&#8221;0&#8243; padding_top=&#8221;60&#8243; sidebar=&#8221;sidebar-1&#8243;][vc_column][mk_fancy_title tag_name=&#8221;span&#8221; color=&#8221;#404040&#8243; size=&#8221;64&#8243; font_weight=&#8221;600&#8243; font_family=&#8221;Playfair+Display&#8221; font_type=&#8221;google&#8221;] Butacahabientes [\/mk_fancy_title][\/vc_column][\/mk_page_section][vc_row fullwidth=&#8221;true&#8221; parallax=&#8221;content-moving&#8221; parallax_image=&#8221;386&#8243; el_class=&#8221;butacas-foto&#8221;][vc_column][vc_column_text disable_pattern=&#8221;false&#8221; align=&#8221;center&#8221; el_class=&#8221;texto-butaca&#8221;] Tolita Figueroa, Daniel Gim\u00e9nez Cacho y Lorena Maza, los tres miembros fundadores de Teatro El Milagro, proyecto al que luego se unir\u00edan Gabriel Pascal, Pablo Moya y David Olguin, [&hellip;]<\/p>\n","protected":false},"author":4,"featured_media":0,"parent":0,"menu_order":16,"comment_status":"closed","ping_status":"closed","template":"","meta":[],"_links":{"self":[{"href":"https:\/\/elmilagro.org.mx\/st\/wp-json\/wp\/v2\/pages\/265"}],"collection":[{"href":"https:\/\/elmilagro.org.mx\/st\/wp-json\/wp\/v2\/pages"}],"about":[{"href":"https:\/\/elmilagro.org.mx\/st\/wp-json\/wp\/v2\/types\/page"}],"author":[{"embeddable":true,"href":"https:\/\/elmilagro.org.mx\/st\/wp-json\/wp\/v2\/users\/4"}],"replies":[{"embeddable":true,"href":"https:\/\/elmilagro.org.mx\/st\/wp-json\/wp\/v2\/comments?post=265"}],"version-history":[{"count":1,"href":"https:\/\/elmilagro.org.mx\/st\/wp-json\/wp\/v2\/pages\/265\/revisions"}],"predecessor-version":[{"id":3641,"href":"https:\/\/elmilagro.org.mx\/st\/wp-json\/wp\/v2\/pages\/265\/revisions\/3641"}],"wp:attachment":[{"href":"https:\/\/elmilagro.org.mx\/st\/wp-json\/wp\/v2\/media?parent=265"}],"curies":[{"name":"wp","href":"https:\/\/api.w.org\/{rel}","templated":true}]}}