{"id":20,"date":"2017-03-15T23:58:16","date_gmt":"2017-03-15T23:58:16","guid":{"rendered":"http:\/\/bantics.xyz\/bgmil\/?page_id=20"},"modified":"2017-03-15T23:58:16","modified_gmt":"2017-03-15T23:58:16","slug":"historia","status":"publish","type":"page","link":"https:\/\/elmilagro.org.mx\/st\/historia\/","title":{"rendered":"Qui\u00e9nes somos"},"content":{"rendered":"[mk_page_section bg_position=&#8221;center center&#8221; bg_repeat=&#8221;no-repeat&#8221; bg_stretch=&#8221;true&#8221; enable_3d=&#8221;true&#8221; video_loop=&#8221;false&#8221; video_color_mask=&#8221;#ffffff&#8221; video_opacity=&#8221;0.9&#8243; min_height=&#8221;0&#8243; padding_top=&#8221;60&#8243; sidebar=&#8221;sidebar-1&#8243;][vc_column][mk_fancy_title tag_name=&#8221;span&#8221; color=&#8221;#404040&#8243; size=&#8221;64&#8243; font_weight=&#8221;600&#8243; font_family=&#8221;Playfair+Display&#8221; font_type=&#8221;google&#8221;]Teatro El Milagro[\/mk_fancy_title][mk_fancy_title tag_name=&#8221;span&#8221; color=&#8221;#404040&#8243; size=&#8221;16&#8243; font_weight=&#8221;400&#8243; font_family=&#8221;Open+Sans&#8221; font_type=&#8221;google&#8221;]\n<p style=\"text-align: justify;\">El Milagro es una asociaci\u00f3n cultural independiente, fundada en 1991, que se dedica a promover la creaci\u00f3n esc\u00e9nica, la producci\u00f3n editorial y la reflexi\u00f3n art\u00edstica. Nuestro objetivo central es construir un espacio de pensamiento que contribuya a fortalecer los v\u00ednculos del teatro de arte con nuestra sociedad y, en particular, con la comunidad que nos rodea. En abril de 2008 inauguramos nuestro propio espacio teatral y la experiencia de todos estos a\u00f1os confirma nuestra vocaci\u00f3n a favor de la independencia, autogesti\u00f3n y busca de estabilidad para proyectos art\u00edsticos con objetivos de largo plazo. Sobre todo abrimos las puertas de nuestro espacio a colectivos que, como nosotros, buscan su propio discurso art\u00edstico en la continuidad y comunidad grupal, a la par que dise\u00f1an alternativas diferentes a las maneras habituales de producir teatro en M\u00e9xico.<\/p>\n[\/mk_fancy_title][vc_row_inner][vc_column_inner width=&#8221;1\/4&#8243;][vc_single_image image=&#8221;345&#8243; img_size=&#8221;full&#8221; alignment=&#8221;center&#8221;][\/vc_column_inner][vc_column_inner width=&#8221;1\/4&#8243;][vc_single_image image=&#8221;344&#8243; img_size=&#8221;full&#8221; alignment=&#8221;center&#8221;][\/vc_column_inner][vc_column_inner width=&#8221;1\/4&#8243;][vc_single_image image=&#8221;343&#8243; img_size=&#8221;full&#8221; alignment=&#8221;center&#8221;][\/vc_column_inner][vc_column_inner width=&#8221;1\/4&#8243;][vc_single_image image=&#8221;342&#8243; img_size=&#8221;full&#8221; alignment=&#8221;center&#8221;][\/vc_column_inner][\/vc_row_inner][mk_fancy_title tag_name=&#8221;span&#8221; color=&#8221;#404040&#8243; size=&#8221;16&#8243; font_weight=&#8221;400&#8243; font_family=&#8221;Open+Sans&#8221; font_type=&#8221;google&#8221;]\n<p style=\"text-align: justify;\">El perfil de nuestro proyecto se distingue en tres aspectos: a) una postura diferente ante las fuentes de financiamiento para proyectos culturales, pues somos de los pocos grupos teatrales de M\u00e9xico que en realidad invierten fondos propios en la producci\u00f3n de teatro de arte y en la edici\u00f3n de libros de calidad; b) una postura est\u00e9tica que une elementos can\u00f3nicos de la teatralidad y b\u00fasquedas formales, as\u00ed como una dramaturgia de obras contempor\u00e1neas, la mayor\u00eda de las veces de autores vivos, y textos cl\u00e1sicos revisitados bajo una \u00f3ptica innovadora; c) y por \u00faltimo, El Milagro se distingue por el perfil de la programaci\u00f3n de su teatro, abierto exclusivamente al tipo de compa\u00f1\u00edas que precisamente fortalece el programa M\u00e9xico en escena y, de manera particular, a proyectos cuya factura y visi\u00f3n de mundo radicaliza lenguajes, t\u00e9cnicas y po\u00e9ticas de la expresi\u00f3n teatral contempor\u00e1nea.<\/p>\n[\/mk_fancy_title][mk_fancy_title tag_name=&#8221;span&#8221; color=&#8221;#404040&#8243; size=&#8221;16&#8243; font_weight=&#8221;400&#8243; font_family=&#8221;Open+Sans&#8221; font_type=&#8221;google&#8221; align=&#8221;center&#8221;]\n<p style=\"text-align: justify;\">A diferencia de otras compa\u00f1\u00edas que cuentan con espacios propios, El Milagro no cobra una renta por el uso de su espacio. Elige, de acuerdo con su visi\u00f3n de la teatralidad, a los grupos que programa y \u00fanicamente recibe un 30% de la taquilla a cambio del espacio, los servicios de t\u00e9cnicos y de atenci\u00f3n de p\u00fablico, espacio para ensayos y difusi\u00f3n a la par que sus propias producciones. Esa apertura es una forma de redistribuir los recursos que nuestro proyecto gestiona. Tras nueve a\u00f1os de pertenecer al programa M\u00e9xico en escena, El Milagro ha logrado afianzar una red de p\u00fablico que, a pesar de nuestras dificultades de difusi\u00f3n, nos es fiel; un discurso teatral que ya es visible tanto por su calidad como por su esquema de producci\u00f3n y su permanencia en cartelera a partir de un repertorio que se recicla constantemente; y, por \u00faltimo, el espacio tiene ya un perfil muy identificado con los grupos que buscan autonom\u00eda art\u00edstica, administrativa y econ\u00f3mica.<\/p>\n[\/mk_fancy_title][\/vc_column][\/mk_page_section]\n","protected":false},"excerpt":{"rendered":"<p>[mk_page_section bg_position=&#8221;center center&#8221; bg_repeat=&#8221;no-repeat&#8221; bg_stretch=&#8221;true&#8221; enable_3d=&#8221;true&#8221; video_loop=&#8221;false&#8221; video_color_mask=&#8221;#ffffff&#8221; video_opacity=&#8221;0.9&#8243; min_height=&#8221;0&#8243; padding_top=&#8221;60&#8243; sidebar=&#8221;sidebar-1&#8243;][vc_column][mk_fancy_title tag_name=&#8221;span&#8221; color=&#8221;#404040&#8243; size=&#8221;64&#8243; font_weight=&#8221;600&#8243; font_family=&#8221;Playfair+Display&#8221; font_type=&#8221;google&#8221;]Teatro El Milagro[\/mk_fancy_title][mk_fancy_title tag_name=&#8221;span&#8221; color=&#8221;#404040&#8243; size=&#8221;16&#8243; font_weight=&#8221;400&#8243; font_family=&#8221;Open+Sans&#8221; font_type=&#8221;google&#8221;] El Milagro es una asociaci\u00f3n cultural independiente, fundada en 1991, que se dedica a promover la creaci\u00f3n esc\u00e9nica, la producci\u00f3n editorial y la reflexi\u00f3n art\u00edstica. Nuestro objetivo central es [&hellip;]<\/p>\n","protected":false},"author":4,"featured_media":0,"parent":0,"menu_order":20,"comment_status":"closed","ping_status":"closed","template":"","meta":[],"_links":{"self":[{"href":"https:\/\/elmilagro.org.mx\/st\/wp-json\/wp\/v2\/pages\/20"}],"collection":[{"href":"https:\/\/elmilagro.org.mx\/st\/wp-json\/wp\/v2\/pages"}],"about":[{"href":"https:\/\/elmilagro.org.mx\/st\/wp-json\/wp\/v2\/types\/page"}],"author":[{"embeddable":true,"href":"https:\/\/elmilagro.org.mx\/st\/wp-json\/wp\/v2\/users\/4"}],"replies":[{"embeddable":true,"href":"https:\/\/elmilagro.org.mx\/st\/wp-json\/wp\/v2\/comments?post=20"}],"version-history":[{"count":0,"href":"https:\/\/elmilagro.org.mx\/st\/wp-json\/wp\/v2\/pages\/20\/revisions"}],"wp:attachment":[{"href":"https:\/\/elmilagro.org.mx\/st\/wp-json\/wp\/v2\/media?parent=20"}],"curies":[{"name":"wp","href":"https:\/\/api.w.org\/{rel}","templated":true}]}}